{"id":434,"date":"2017-05-07T18:40:53","date_gmt":"2017-05-07T18:40:53","guid":{"rendered":"https:\/\/victorthemes.com\/themes\/brixey\/?page_id=434"},"modified":"2019-08-06T23:03:27","modified_gmt":"2019-08-06T16:03:27","slug":"services","status":"publish","type":"page","link":"https:\/\/dusoart.com\/vi\/services\/","title":{"rendered":"Thi\u1ebft K\u1ebf"},"content":{"rendered":"<div class=\"wpb-content-wrapper\"><div class=\"vc_row wpb_row vc_row-fluid brxy-dhav-dotted container vc_custom_1562014584884 vc_row-has-fill\"><div class=\"wpb_column vc_column_container text-left vc_col-sm-12\"><div class=\"vc_column-inner vc_custom_1494933874057\"><div class=\"wpb_wrapper\"><div class=\"brxy-services style2\"><div class=\"services-wrap\"><div class=\"service-item service-1\">\n              <div class=\"col-md-6\">\n                <div class=\"service-info\">\n                  <div class=\"brxy-table-container\">\n                    <div class=\"brxy-align-container\">\n                      <div class=\"clearfix\"><i class=\"fa fa-trello\"><\/i><\/div>\n                      <div class=\"service-title\">THI\u1ebeT K\u1ebe N\u1ed8I TH\u1ea4T<\/div>\n                      <div class=\"brxy-cta-cnt\" ><p style=\"text-align: left;\"><a href=\"https:\/\/dusoart.com\/vi\/services\/interior-design\/\"><b>Thi\u1ebft k\u1ebf n\u1ed9i th\u1ea5t<\/b><\/a> l\u00e0 ngh\u1ec7 thu\u1eadt \u0111\u1ec3 c\u1ea3i thi\u1ec7n kh\u00f4ng gian s\u1ed1ng theo m\u1ed9t c\u00e1ch khoa h\u1ecdc \u0111\u1ec3 c\u00f3 \u0111\u01b0\u1ee3c m\u00f4i tr\u01b0\u1eddng s\u1ed1ng l\u00e0nh m\u1ea1nh mang t\u00ednh th\u1ea9m m\u1ef9 cao cho nh\u1eefng ng\u01b0\u1eddi s\u1eed d\u1ee5ng n\u00f3.<\/p>\n<\/div>\n                    <\/div>\n                  <\/div>\n                <\/div>\n              <\/div><div class=\"service-picture\"><img decoding=\"async\" src=\"https:\/\/dusoart.com\/wp-content\/uploads\/2019\/06\/9.png\" alt=\"INTERIOR DESIGN\"><\/div><\/div><div class=\"service-item service-2\">\n              <div class=\"col-md-6\">\n                <div class=\"service-info\">\n                  <div class=\"brxy-table-container\">\n                    <div class=\"brxy-align-container\">\n                      <div class=\"clearfix\"><i class=\"fa fa-building-o\"><\/i><\/div>\n                      <div class=\"service-title\">ARCHITECTURAL DESIGN<\/div>\n                      <div class=\"brxy-cta-cnt\" ><p><a style=\"font-weight: bold;\" href=\"https:\/\/dusoart.com\/vi\/services\/architectural-design\/\">Thi\u1ebft k\u1ebf ki\u1ebfn tr\u00fac<\/a> l\u00e0 ngh\u1ec7 thu\u1eadt l\u00e0m cho nh\u1eefng chi ti\u1ebft, d\u00f9 nh\u1ecf nh\u1ea5t, \u0111\u01b0\u1ee3c c\u00e2n b\u1eb1ng v\u00e0 \u0111\u1ed1i x\u1ee9ng \u0111\u1ec3 \u0111\u1ea1t \u0111\u01b0\u1ee3c m\u1ed9t kh\u00f4ng gian s\u1ed1ng t\u1ed1t nh\u1ea5t. B\u1ec1 ngo\u00e0i c\u1ee7a m\u1ed7i t\u00f2a nh\u00e0 c\u1ea7n c\u00f3 s\u1ef1 c\u00e2n b\u1eb1ng v\u00e0 \u0111\u1ed1i x\u1ee9ng \u0111\u1ec3 th\u1ec3 hi\u1ec7n t\u00ednh th\u1ea9m m\u1ef9 v\u00e0 s\u1ef1 ho\u00e0n thi\u1ec7n khi \u0111\u01b0\u1ee3c d\u1ef1ng l\u00ean.<\/p>\n<\/div>\n                    <\/div>\n                  <\/div>\n                <\/div>\n              <\/div><div class=\"service-picture\"><img decoding=\"async\" src=\"https:\/\/dusoart.com\/wp-content\/uploads\/2019\/07\/exterior_hcmc.png\" alt=\"ARCHITECTURAL DESIGN\"><\/div><\/div><div class=\"service-item service-3\">\n              <div class=\"col-md-6\">\n                <div class=\"service-info\">\n                  <div class=\"brxy-table-container\">\n                    <div class=\"brxy-align-container\">\n                      <div class=\"clearfix\"><i class=\"fa fa-tree\"><\/i><\/div>\n                      <div class=\"service-title\">THI\u1ebeT K\u1ebe C\u1ea2NH QUAN<\/div>\n                      <div class=\"brxy-cta-cnt\" ><p><a href=\"https:\/\/dusoart.com\/vi\/services\/landscape-design\/\"><b>Thi\u1ebft k\u1ebf c\u1ea3nh quan<\/b><\/a> l\u00e0 ngh\u1ec7 thu\u1eadt \u0111\u1ec3 t\u1ea1o n\u00ean s\u1ef1 h\u00e0i h\u00f2a gi\u1eefa kh\u00f4ng gian t\u1ef1 nhi\u00ean v\u00e0 b\u1ea3n s\u1eafc v\u0103n h\u00f3a. Trong th\u1ef1c ti\u1ec5n \u0111\u01b0\u01a1ng \u0111\u1ea1i, thi\u1ebft k\u1ebf c\u1ea3nh quan k\u1ebft n\u1ed1i ki\u1ebfn \u200b\u200btr\u00fac c\u1ea3nh quan v\u00e0 b\u1ed1 c\u1ee5c c\u1ee7a s\u00e2n v\u01b0\u1eddn.<\/p>\n<\/div>\n                    <\/div>\n                  <\/div>\n                <\/div>\n              <\/div><div class=\"service-picture\"><img decoding=\"async\" src=\"https:\/\/dusoart.com\/wp-content\/uploads\/2019\/07\/8-2019-07-16-at-12.09.38-PM_Page_3.jpg\" alt=\"LANDSCAPE DESIGN\"><\/div><\/div><div class=\"service-item service-4\">\n              <div class=\"col-md-6\">\n                <div class=\"service-info\">\n                  <div class=\"brxy-table-container\">\n                    <div class=\"brxy-align-container\">\n                      <div class=\"clearfix\"><i class=\"fa fa-map-o\"><\/i><\/div>\n                      <div class=\"service-title\">THI\u1ebeT K\u1ebe \u0110\u00d4 TH\u1eca<\/div>\n                      <div class=\"brxy-cta-cnt\" ><p><a href=\"https:\/\/dusoart.com\/vi\/services\/urban-design\/\"><b>Thi\u1ebft k\u1ebf \u0111\u00f4 th\u1ecb<\/b><\/a> l\u00e0 ngh\u1ec7 thu\u1eadt v\u1ec1 thi\u1ebft k\u1ebf v\u00e0 \u0111\u1ecbnh h\u00ecnh c\u00e1c \u0111\u1eb7c \u0111i\u1ec3m v\u1eadt l\u00fd c\u1ee7a c\u00e1c th\u00e0nh ph\u1ed1, th\u1ecb tr\u1ea5n v\u00e0 l\u00e0ng m\u1ea1c v\u00e0 l\u1eadp k\u1ebf ho\u1ea1ch cung c\u1ea5p d\u1ecbch v\u1ee5 \u0111\u00f4 th\u1ecb cho ng\u01b0\u1eddi d\u00e2n v\u00e0 du kh\u00e1ch. Tr\u00e1i ng\u01b0\u1ee3c v\u1edbi ki\u1ebfn \u200b\u200btr\u00fac, t\u1eadp trung v\u00e0o thi\u1ebft k\u1ebf c\u00e1c t\u00f2a nh\u00e0 ri\u00eang l\u1ebb, thi\u1ebft k\u1ebf \u0111\u00f4 th\u1ecb li\u00ean quan \u0111\u1ebfn quy m\u00f4 l\u1edbn h\u01a1n c\u1ee7a c\u00e1c nh\u00f3m t\u00f2a nh\u00e0, \u0111\u01b0\u1eddng ph\u1ed1 v\u00e0 kh\u00f4ng gian c\u00f4ng c\u1ed9ng, to\u00e0n b\u1ed9 khu ph\u1ed1, qu\u1eadn ho\u1eb7c to\u00e0n b\u1ed9 th\u00e0nh ph\u1ed1, v\u1edbi m\u1ee5c ti\u00eau l\u00e0m cho c\u00e1c khu v\u1ef1c \u0111\u00f4 th\u1ecb \u0111\u01b0\u1ee3c ph\u00e2n b\u1ed1 h\u1ee3p l\u00fd, mang t\u00ednh th\u1ea9m m\u1ef9 v\u00e0 s\u1ef1 h\u00e0i ho\u00e0 cao nh\u1ea5t.<\/p>\n<\/div>\n                    <\/div>\n                  <\/div>\n                <\/div>\n              <\/div><div class=\"service-picture\"><img decoding=\"async\" src=\"https:\/\/dusoart.com\/wp-content\/uploads\/2019\/07\/urban_international_port-e1562269009960.jpg\" alt=\"URBAN DESIGN\"><\/div><\/div><\/div><\/div><div class=\"vc_empty_space\"   style=\"height: 32px\"><span class=\"vc_empty_space_inner\"><\/span><\/div><\/div><\/div><\/div><\/div><div class=\"vc_row wpb_row vc_row-fluid brxy-dhav-dotted\"><div class=\"wpb_column vc_column_container text-left vc_col-sm-12\"><div class=\"vc_column-inner\"><div class=\"wpb_wrapper\">\n\t<div class=\"wpb_text_column wpb_content_element\" >\n\t\t<div class=\"wpb_wrapper\">\n\t\t\t<p style=\"text-align: center;\"><span style=\"font-size: 24px;\"><strong>H\u00c3Y \u0110\u1ec2 CH\u00daNG T\u00d4I THI\u1ebeT K\u1ebe GI\u1ea4C M\u01a0 C\u1ee6A B\u1ea0N<\/strong><\/span><\/p>\n\n\t\t<\/div>\n\t<\/div>\n<div class=\"vc_empty_space\"   style=\"height: 32px\"><span class=\"vc_empty_space_inner\"><\/span><\/div><div class=\"vc_btn3-container vc_btn3-center vc_do_btn\" ><button class=\"vc_general vc_btn3 vc_btn3-size-md vc_btn3-shape-rounded vc_btn3-style-modern vc_btn3-color-inverse\">THAM KH\u1ea2O GI\u00c1<\/button><\/div><\/div><\/div><\/div><\/div>\n<\/div>","protected":false},"excerpt":{"rendered":"INTERIOR DESIGN Interior design is the art and science of enhancing the interior of a living space to achieve a healthier and more aesthetically pleasing environment for those using it. ARCHITECTURAL DESIGN Architectural design is the art and science of detailing balance and symmetry to achieve a well-designed living space. The facade of every building...","protected":false},"author":1,"featured_media":0,"parent":0,"menu_order":0,"comment_status":"closed","ping_status":"closed","template":"","meta":{"footnotes":""},"class_list":["post-434","page","type-page","status-publish","hentry"],"_links":{"self":[{"href":"https:\/\/dusoart.com\/vi\/wp-json\/wp\/v2\/pages\/434","targetHints":{"allow":["GET"]}}],"collection":[{"href":"https:\/\/dusoart.com\/vi\/wp-json\/wp\/v2\/pages"}],"about":[{"href":"https:\/\/dusoart.com\/vi\/wp-json\/wp\/v2\/types\/page"}],"author":[{"embeddable":true,"href":"https:\/\/dusoart.com\/vi\/wp-json\/wp\/v2\/users\/1"}],"replies":[{"embeddable":true,"href":"https:\/\/dusoart.com\/vi\/wp-json\/wp\/v2\/comments?post=434"}],"version-history":[{"count":0,"href":"https:\/\/dusoart.com\/vi\/wp-json\/wp\/v2\/pages\/434\/revisions"}],"wp:attachment":[{"href":"https:\/\/dusoart.com\/vi\/wp-json\/wp\/v2\/media?parent=434"}],"curies":[{"name":"wp","href":"https:\/\/api.w.org\/{rel}","templated":true}]}}